{"id":436,"date":"2023-06-27T17:28:19","date_gmt":"2023-06-27T15:28:19","guid":{"rendered":"https:\/\/espaceambar.com\/flores-de-bach\/"},"modified":"2023-08-21T17:39:35","modified_gmt":"2023-08-21T15:39:35","slug":"flores-de-bach","status":"publish","type":"page","link":"https:\/\/espaceambar.com\/es\/flores-de-bach\/","title":{"rendered":"Flores de Bach"},"content":{"rendered":"\t\t<div data-elementor-type=\"wp-page\" data-elementor-id=\"436\" class=\"elementor elementor-436 elementor-407\" data-elementor-post-type=\"page\">\n\t\t\t\t<div class=\"elementor-element elementor-element-5f970476 e-con-full e-flex e-con e-parent\" data-id=\"5f970476\" data-element_type=\"container\" data-e-type=\"container\" data-settings=\"{&quot;background_background&quot;:&quot;classic&quot;}\">\n\t\t\t\t<div class=\"elementor-element elementor-element-70cabb05 elementor-widget elementor-widget-heading\" data-id=\"70cabb05\" data-element_type=\"widget\" data-e-type=\"widget\" data-widget_type=\"heading.default\">\n\t\t\t\t<div class=\"elementor-widget-container\">\n\t\t\t\t\t<h1 class=\"elementor-heading-title elementor-size-default\">Flores de Bach<\/h1>\t\t\t\t<\/div>\n\t\t\t\t<\/div>\n\t\t\t\t<\/div>\n\t\t<div class=\"elementor-element elementor-element-a8f5dee e-flex e-con-boxed e-con e-parent\" data-id=\"a8f5dee\" data-element_type=\"container\" data-e-type=\"container\">\n\t\t\t\t\t<div class=\"e-con-inner\">\n\t\t<div class=\"elementor-element elementor-element-aa5e348 e-flex e-con-boxed e-con e-child\" data-id=\"aa5e348\" data-element_type=\"container\" data-e-type=\"container\">\n\t\t\t\t\t<div class=\"e-con-inner\">\n\t\t\t\t<div class=\"elementor-element elementor-element-d146492 elementor-widget elementor-widget-heading\" data-id=\"d146492\" data-element_type=\"widget\" data-e-type=\"widget\" data-widget_type=\"heading.default\">\n\t\t\t\t<div class=\"elementor-widget-container\">\n\t\t\t\t\t<h3 class=\"elementor-heading-title elementor-size-default\">\"Si seguimos nuestras intuiciones, nuestras aspiraciones, nuestras ideas y nuestros deseos personales, nunca conoceremos m\u00e1s que la alegr\u00eda y la salud\".\n<br>Prof. Dr. Edward Bach<\/h3>\t\t\t\t<\/div>\n\t\t\t\t<\/div>\n\t\t\t\t\t<\/div>\n\t\t\t\t<\/div>\n\t\t\t\t\t<\/div>\n\t\t\t\t<\/div>\n\t\t<div class=\"elementor-element elementor-element-4dc06c5 e-flex e-con-boxed e-con e-parent\" data-id=\"4dc06c5\" data-element_type=\"container\" data-e-type=\"container\">\n\t\t\t\t\t<div class=\"e-con-inner\">\n\t\t<div class=\"elementor-element elementor-element-d8b6cee e-con-full e-flex e-con e-child\" data-id=\"d8b6cee\" data-element_type=\"container\" data-e-type=\"container\">\n\t\t\t\t<div class=\"elementor-element elementor-element-2fbf31c elementor-widget elementor-widget-heading\" data-id=\"2fbf31c\" data-element_type=\"widget\" data-e-type=\"widget\" data-widget_type=\"heading.default\">\n\t\t\t\t<div class=\"elementor-widget-container\">\n\t\t\t\t\t<h2 class=\"elementor-heading-title elementor-size-default\">\u00bfQU\u00c9 ES?<\/h2>\t\t\t\t<\/div>\n\t\t\t\t<\/div>\n\t\t\t\t<div class=\"elementor-element elementor-element-c461937 elementor-widget elementor-widget-text-editor\" data-id=\"c461937\" data-element_type=\"widget\" data-e-type=\"widget\" data-widget_type=\"text-editor.default\">\n\t\t\t\t<div class=\"elementor-widget-container\">\n\t\t\t\t\t\t\t\t\t<p>Las Flores de Bach forman parte de las llamadas terapias vibracionales y ayudan a recuperar el equilibrio emocional perdido.<\/p>\n<p>El Dr. Bach, inspirado por el deseo de curar de una forma diferente a la medicina tradicional, tendr\u00e1 en cuenta al individuo en su totalidad, con su historia, actitudes y emociones, y no s\u00f3lo los s\u00edntomas manifestados.<\/p>\n<p>Sosten\u00eda que las enfermedades f\u00edsicas estaban causadas por desequilibrios emocionales. &#8220;Hay que tratar al paciente, no la enfermedad&#8221;, sol\u00eda decir.<\/p>\n<p>As\u00ed, armonizando las emociones mediante esencias florales, se pod\u00eda curar la enfermedad.<\/p>\n<p>Creado en la d\u00e9cada de 1930, el Sistema Floral de Bach proporciona un alivio natural que ayuda a asimilar e integrar las emociones bloqueadas. El sistema lleva 80 a\u00f1os siendo utilizado tanto por adultos como por ni\u00f1os en m\u00e1s de 75 pa\u00edses de todo el mundo.<\/p>\n<p>Compuesto por 38 quintaesencias (39 con el remedio de emergencia, llamado &#8220;Rescate&#8221; una de las mezclas florales m\u00e1s populares que ayuda en caso de emergencia.<\/p>\n\t\t\t\t\t\t\t\t<\/div>\n\t\t\t\t<\/div>\n\t\t\t\t<\/div>\n\t\t<div class=\"elementor-element elementor-element-37f11c7 e-con-full e-flex e-con e-child\" data-id=\"37f11c7\" data-element_type=\"container\" data-e-type=\"container\">\n\t\t\t\t<div class=\"elementor-element elementor-element-341270e elementor-widget elementor-widget-heading\" data-id=\"341270e\" data-element_type=\"widget\" data-e-type=\"widget\" data-widget_type=\"heading.default\">\n\t\t\t\t<div class=\"elementor-widget-container\">\n\t\t\t\t\t<h2 class=\"elementor-heading-title elementor-size-default\">\u00bfA QUI\u00c9N SE LO RECOMENDAR\u00cdA?<\/h2>\t\t\t\t<\/div>\n\t\t\t\t<\/div>\n\t\t\t\t<div class=\"elementor-element elementor-element-3a9531b elementor-widget elementor-widget-text-editor\" data-id=\"3a9531b\" data-element_type=\"widget\" data-e-type=\"widget\" data-widget_type=\"text-editor.default\">\n\t\t\t\t<div class=\"elementor-widget-container\">\n\t\t\t\t\t\t\t\t\t<p><span class=\"wixui-rich-text__text\">Esta terapia proporciona apoyo en situaciones de estr\u00e9s ocasional, como un examen profesional, as\u00ed como en situaciones de duelo, separaci\u00f3n o p\u00e9rdida no resuelta.<br class=\"wixui-rich-text__text\">Al tratarse de un remedio 100% natural, puede utilizarse en ni\u00f1os, adolescentes, mujeres embarazadas e incluso plantas y animales dom\u00e9sticos.  <strong>No tiene efectos secundarios y no crea adicci\u00f3n. Las flores de Bach pueden combinarse con tratamientos como la homeopat\u00eda y apoyar terapias hol\u00edsticas y alop\u00e1ticas para potenciar sus beneficios.<\/strong><\/span><\/p>\n\t\t\t\t\t\t\t\t<\/div>\n\t\t\t\t<\/div>\n\t\t\t\t<div class=\"elementor-element elementor-element-1524705 elementor-widget elementor-widget-heading\" data-id=\"1524705\" data-element_type=\"widget\" data-e-type=\"widget\" data-widget_type=\"heading.default\">\n\t\t\t\t<div class=\"elementor-widget-container\">\n\t\t\t\t\t<h2 class=\"elementor-heading-title elementor-size-default\">BENEFICIOS<\/h2>\t\t\t\t<\/div>\n\t\t\t\t<\/div>\n\t\t\t\t<div class=\"elementor-element elementor-element-b381007 elementor-widget elementor-widget-text-editor\" data-id=\"b381007\" data-element_type=\"widget\" data-e-type=\"widget\" data-widget_type=\"text-editor.default\">\n\t\t\t\t<div class=\"elementor-widget-container\">\n\t\t\t\t\t\t\t\t\t<p>&#8211; Las flores equilibrar\u00e1n tus emociones y su influencia en tu cuerpo y mente<\/p>\n<p>&#8211; Te sentir\u00e1s m\u00e1s tranquilo y completo<\/p>\n<p>&#8211; Recuperar\u00e1 su vitalidad, plenitud y confianza.<\/p>\n\t\t\t\t\t\t\t\t<\/div>\n\t\t\t\t<\/div>\n\t\t\t\t<\/div>\n\t\t\t\t\t<\/div>\n\t\t\t\t<\/div>\n\t\t<div class=\"elementor-element elementor-element-96e330f e-flex e-con-boxed e-con e-parent\" data-id=\"96e330f\" data-element_type=\"container\" data-e-type=\"container\">\n\t\t\t\t\t<div class=\"e-con-inner\">\n\t\t<div class=\"elementor-element elementor-element-d5ad579 e-flex e-con-boxed e-con e-child\" data-id=\"d5ad579\" data-element_type=\"container\" data-e-type=\"container\">\n\t\t\t\t\t<div class=\"e-con-inner\">\n\t\t\t\t<div class=\"elementor-element elementor-element-57fe1ac elementor-widget elementor-widget-image\" data-id=\"57fe1ac\" data-element_type=\"widget\" data-e-type=\"widget\" data-widget_type=\"image.default\">\n\t\t\t\t<div class=\"elementor-widget-container\">\n\t\t\t\t\t\t\t\t\t\t\t\t\t\t\t\t<a href=\"https:\/\/www.bachcentre.com\/en\/\" target=\"_blank\">\n\t\t\t\t\t\t\t<img decoding=\"async\" width=\"180\" height=\"240\" src=\"https:\/\/espaceambar.com\/wp-content\/uploads\/2023\/06\/casa-color-54k_edited_edited.png\" class=\"attachment-full size-full wp-image-417\" alt=\"\" \/>\t\t\t\t\t\t\t\t<\/a>\n\t\t\t\t\t\t\t\t\t\t\t\t\t\t\t<\/div>\n\t\t\t\t<\/div>\n\t\t\t\t\t<\/div>\n\t\t\t\t<\/div>\n\t\t<div class=\"elementor-element elementor-element-e6bb03d e-con-full e-flex e-con e-child\" data-id=\"e6bb03d\" data-element_type=\"container\" data-e-type=\"container\">\n\t\t\t\t<div class=\"elementor-element elementor-element-f51182e elementor-align-center elementor-widget elementor-widget-button\" data-id=\"f51182e\" data-element_type=\"widget\" data-e-type=\"widget\" data-widget_type=\"button.default\">\n\t\t\t\t<div class=\"elementor-widget-container\">\n\t\t\t\t\t\t\t\t\t<div class=\"elementor-button-wrapper\">\n\t\t\t\t\t<a class=\"elementor-button elementor-button-link elementor-size-sm\" href=\"https:\/\/espaceambar.com\/es\/solicito-una-cita\/\">\n\t\t\t\t\t\t<span class=\"elementor-button-content-wrapper\">\n\t\t\t\t\t\t\t\t\t<span class=\"elementor-button-text\">Concierte una cita<\/span>\n\t\t\t\t\t<\/span>\n\t\t\t\t\t<\/a>\n\t\t\t\t<\/div>\n\t\t\t\t\t\t\t\t<\/div>\n\t\t\t\t<\/div>\n\t\t\t\t<\/div>\n\t\t<div class=\"elementor-element elementor-element-86d7d7b e-con-full e-flex e-con e-child\" data-id=\"86d7d7b\" data-element_type=\"container\" data-e-type=\"container\">\n\t\t\t\t<div class=\"elementor-element elementor-element-1b7a075 elementor-widget elementor-widget-image\" data-id=\"1b7a075\" data-element_type=\"widget\" data-e-type=\"widget\" data-widget_type=\"image.default\">\n\t\t\t\t<div class=\"elementor-widget-container\">\n\t\t\t\t\t\t\t\t\t\t\t\t\t\t\t\t<a href=\"https:\/\/lpefb.com\/\" target=\"_blank\">\n\t\t\t\t\t\t\t<img fetchpriority=\"high\" decoding=\"async\" width=\"465\" height=\"465\" src=\"https:\/\/espaceambar.com\/wp-content\/uploads\/2023\/06\/14601004_1129607973782046_125341523102606097_n.jpg\" class=\"attachment-large size-large wp-image-419\" alt=\"\" srcset=\"https:\/\/espaceambar.com\/wp-content\/uploads\/2023\/06\/14601004_1129607973782046_125341523102606097_n.jpg 465w, https:\/\/espaceambar.com\/wp-content\/uploads\/2023\/06\/14601004_1129607973782046_125341523102606097_n-300x300.jpg 300w, https:\/\/espaceambar.com\/wp-content\/uploads\/2023\/06\/14601004_1129607973782046_125341523102606097_n-150x150.jpg 150w\" sizes=\"(max-width: 465px) 100vw, 465px\" \/>\t\t\t\t\t\t\t\t<\/a>\n\t\t\t\t\t\t\t\t\t\t\t\t\t\t\t<\/div>\n\t\t\t\t<\/div>\n\t\t\t\t<\/div>\n\t\t\t\t\t<\/div>\n\t\t\t\t<\/div>\n\t\t<div class=\"elementor-element elementor-element-d0263b2 e-con-full e-flex e-con e-parent\" data-id=\"d0263b2\" data-element_type=\"container\" data-e-type=\"container\" data-settings=\"{&quot;background_background&quot;:&quot;classic&quot;}\">\n\t\t<div class=\"elementor-element elementor-element-971e425 e-con-full e-flex e-con e-child\" data-id=\"971e425\" data-element_type=\"container\" data-e-type=\"container\" data-settings=\"{&quot;background_background&quot;:&quot;classic&quot;}\">\n\t\t<div class=\"elementor-element elementor-element-4b2dea9 e-flex e-con-boxed e-con e-child\" data-id=\"4b2dea9\" data-element_type=\"container\" data-e-type=\"container\" data-settings=\"{&quot;background_background&quot;:&quot;classic&quot;}\">\n\t\t\t\t\t<div class=\"e-con-inner\">\n\t\t\t\t<div class=\"elementor-element elementor-element-739002d elementor-widget elementor-widget-heading\" data-id=\"739002d\" data-element_type=\"widget\" data-e-type=\"widget\" data-widget_type=\"heading.default\">\n\t\t\t\t<div class=\"elementor-widget-container\">\n\t\t\t\t\t<h2 class=\"elementor-heading-title elementor-size-default\">\u00bfC\u00d3MO FUNCIONA LA ORIENTACI\u00d3N FLORAL?<\/h2>\t\t\t\t<\/div>\n\t\t\t\t<\/div>\n\t\t\t\t<div class=\"elementor-element elementor-element-07158e6 elementor-widget elementor-widget-text-editor\" data-id=\"07158e6\" data-element_type=\"widget\" data-e-type=\"widget\" data-widget_type=\"text-editor.default\">\n\t\t\t\t<div class=\"elementor-widget-container\">\n\t\t\t\t\t\t\t\t\t<p>Las flores de Bach son 38 esencias florales que ayudan.<\/p>\n<ul>\n<li>Restablecer el equilibrio emocional.<\/li>\n<li>Aumentar la confianza en uno mismo y la autoestima.<\/li>\n<li>S\u00e9 m\u00e1s consciente de tus emociones.<\/li>\n<li>Vive las situaciones cotidianas sin miedo.<\/li>\n<li>Desarrollar la inteligencia emocional.<\/li>\n<\/ul>\n\t\t\t\t\t\t\t\t<\/div>\n\t\t\t\t<\/div>\n\t\t\t\t<div class=\"elementor-element elementor-element-10a4fc7 elementor-widget elementor-widget-button\" data-id=\"10a4fc7\" data-element_type=\"widget\" data-e-type=\"widget\" data-widget_type=\"button.default\">\n\t\t\t\t<div class=\"elementor-widget-container\">\n\t\t\t\t\t\t\t\t\t<div class=\"elementor-button-wrapper\">\n\t\t\t\t\t<a class=\"elementor-button elementor-button-link elementor-size-sm\" href=\"https:\/\/espaceambar.com\/es\/como-tomar-las-flores-de-bach\/\">\n\t\t\t\t\t\t<span class=\"elementor-button-content-wrapper\">\n\t\t\t\t\t\t\t\t\t<span class=\"elementor-button-text\">C\u00f3mo tomar las flores de BACH<\/span>\n\t\t\t\t\t<\/span>\n\t\t\t\t\t<\/a>\n\t\t\t\t<\/div>\n\t\t\t\t\t\t\t\t<\/div>\n\t\t\t\t<\/div>\n\t\t\t\t\t<\/div>\n\t\t\t\t<\/div>\n\t\t\t\t<\/div>\n\t\t<div class=\"elementor-element elementor-element-834e4bc e-con-full e-flex e-con e-child\" data-id=\"834e4bc\" data-element_type=\"container\" data-e-type=\"container\">\n\t\t<div class=\"elementor-element elementor-element-9e0adf2 e-flex e-con-boxed e-con e-child\" data-id=\"9e0adf2\" data-element_type=\"container\" data-e-type=\"container\" data-settings=\"{&quot;background_background&quot;:&quot;classic&quot;}\">\n\t\t\t\t\t<div class=\"e-con-inner\">\n\t\t\t\t<div class=\"elementor-element elementor-element-722cb48 elementor-widget elementor-widget-heading\" data-id=\"722cb48\" data-element_type=\"widget\" data-e-type=\"widget\" data-widget_type=\"heading.default\">\n\t\t\t\t<div class=\"elementor-widget-container\">\n\t\t\t\t\t<h2 class=\"elementor-heading-title elementor-size-default\">CONSULTAS FLORALES DE BACH<\/h2>\t\t\t\t<\/div>\n\t\t\t\t<\/div>\n\t\t\t\t<div class=\"elementor-element elementor-element-bdbde27 elementor-widget elementor-widget-text-editor\" data-id=\"bdbde27\" data-element_type=\"widget\" data-e-type=\"widget\" data-widget_type=\"text-editor.default\">\n\t\t\t\t<div class=\"elementor-widget-container\">\n\t\t\t\t\t\t\t\t\t<p>Ofrezco apoyo individualizado tanto a adultos como a ni\u00f1os, con el objetivo de restablecer el equilibrio emocional perdido.<\/p>\n<p>Si al final de la sesi\u00f3n lo desea, podemos prepararle un elixir personalizado para las tres semanas siguientes.<\/p>\n<p>Al final de este periodo, volveremos a reunirnos para evaluar el proceso emocional que has vivido y los resultados del elixir.<\/p>\n\t\t\t\t\t\t\t\t<\/div>\n\t\t\t\t<\/div>\n\t\t\t\t\t<\/div>\n\t\t\t\t<\/div>\n\t\t\t\t<\/div>\n\t\t\t\t<\/div>\n\t\t<div class=\"elementor-element elementor-element-363f8a3 e-flex e-con-boxed e-con e-parent\" data-id=\"363f8a3\" data-element_type=\"container\" data-e-type=\"container\">\n\t\t\t\t\t<div class=\"e-con-inner\">\n\t\t\t\t<div class=\"elementor-element elementor-element-0ecae63 elementor-widget elementor-widget-heading\" data-id=\"0ecae63\" data-element_type=\"widget\" data-e-type=\"widget\" data-widget_type=\"heading.default\">\n\t\t\t\t<div class=\"elementor-widget-container\">\n\t\t\t\t\t<h2 class=\"elementor-heading-title elementor-size-default\">El Dr. Bach y las flores<\/h2>\t\t\t\t<\/div>\n\t\t\t\t<\/div>\n\t\t\t\t<div class=\"elementor-element elementor-element-9ebec91 elementor-widget elementor-widget-text-editor\" data-id=\"9ebec91\" data-element_type=\"widget\" data-e-type=\"widget\" data-widget_type=\"text-editor.default\">\n\t\t\t\t<div class=\"elementor-widget-container\">\n\t\t\t\t\t\t\t\t\t<p>Las flores de Bach fueron desarrolladas por el Dr. Edward Bach, m\u00e9dico y home\u00f3pata ingl\u00e9s que vivi\u00f3 en Inglaterra en la d\u00e9cada de 1930. Como m\u00e9dico de renombre, el Dr. Bach hab\u00eda encontrado una serie de diferencias entre la visi\u00f3n alop\u00e1tica de la salud y la suya propia. Entonces decide invertir su energ\u00eda en el origen de las enfermedades m\u00e1s que en las consecuencias (s\u00edntomas).<\/p>\n<p>As\u00ed es como lleg\u00f3 a ver que los desequilibrios a nivel f\u00edsico ten\u00edan algo en com\u00fan con todas las personas, en todos los estados emocionales. Los estados emocionales desempe\u00f1an un papel muy importante tanto en el desencadenamiento del desequilibrio como en el restablecimiento de la salud.<\/p>\n<p>Convencido de que la naturaleza pod\u00eda dar respuestas, parti\u00f3 a la campi\u00f1a inglesa para descubrir un m\u00e9todo sencillo que tratara al individuo y no a la enfermedad. Primero en Gales, luego en Oxfordshire y muy cerca de Wallingford, eligi\u00f3 vivir en una peque\u00f1a casa de campo llamada Mount Vernon, donde ahora se encuentra el Centro de Curaci\u00f3n Dr. E. Bach. All\u00ed realiz\u00f3 sus investigaciones, descubriendo poco a poco las primeras flores, hasta llegar a las 38 que conocemos hoy.<\/p>\n\t\t\t\t\t\t\t\t<\/div>\n\t\t\t\t<\/div>\n\t\t\t\t\t<\/div>\n\t\t\t\t<\/div>\n\t\t\t\t<\/div>\n\t\t","protected":false},"excerpt":{"rendered":"<p>Flores de Bach &#8220;Si seguimos nuestras intuiciones, nuestras aspiraciones, nuestras ideas y nuestros deseos personales, nunca conoceremos m\u00e1s que la alegr\u00eda y la salud&#8221;. Prof. Dr. Edward Bach \u00bfQU\u00c9 ES? Las Flores de Bach forman parte de las llamadas terapias vibracionales y ayudan a recuperar el equilibrio emocional perdido. El Dr. Bach, inspirado por el [&hellip;]<\/p>\n","protected":false},"author":18,"featured_media":251,"parent":0,"menu_order":0,"comment_status":"closed","ping_status":"closed","template":"","meta":{"_seopress_robots_primary_cat":"","_seopress_titles_title":"","_seopress_titles_desc":"","_seopress_robots_index":"","_surecart_dashboard_logo_width":"180px","_surecart_dashboard_show_logo":true,"_surecart_dashboard_navigation_orders":true,"_surecart_dashboard_navigation_invoices":true,"_surecart_dashboard_navigation_subscriptions":true,"_surecart_dashboard_navigation_downloads":true,"_surecart_dashboard_navigation_billing":true,"_surecart_dashboard_navigation_account":true,"iawp_total_views":0,"footnotes":""},"class_list":["post-436","page","type-page","status-publish","has-post-thumbnail","hentry"],"_links":{"self":[{"href":"https:\/\/espaceambar.com\/es\/wp-json\/wp\/v2\/pages\/436","targetHints":{"allow":["GET"]}}],"collection":[{"href":"https:\/\/espaceambar.com\/es\/wp-json\/wp\/v2\/pages"}],"about":[{"href":"https:\/\/espaceambar.com\/es\/wp-json\/wp\/v2\/types\/page"}],"author":[{"embeddable":true,"href":"https:\/\/espaceambar.com\/es\/wp-json\/wp\/v2\/users\/18"}],"replies":[{"embeddable":true,"href":"https:\/\/espaceambar.com\/es\/wp-json\/wp\/v2\/comments?post=436"}],"version-history":[{"count":0,"href":"https:\/\/espaceambar.com\/es\/wp-json\/wp\/v2\/pages\/436\/revisions"}],"wp:featuredmedia":[{"embeddable":true,"href":"https:\/\/espaceambar.com\/es\/wp-json\/wp\/v2\/media\/251"}],"wp:attachment":[{"href":"https:\/\/espaceambar.com\/es\/wp-json\/wp\/v2\/media?parent=436"}],"curies":[{"name":"wp","href":"https:\/\/api.w.org\/{rel}","templated":true}]}}