{"id":462,"date":"2023-06-29T13:41:00","date_gmt":"2023-06-29T11:41:00","guid":{"rendered":"https:\/\/espaceambar.com\/como-tomar-las-flores-de-bach\/"},"modified":"2025-08-26T13:47:20","modified_gmt":"2025-08-26T11:47:20","slug":"como-tomar-las-flores-de-bach","status":"publish","type":"page","link":"https:\/\/espaceambar.com\/es\/como-tomar-las-flores-de-bach\/","title":{"rendered":"C\u00f3mo tomar las flores de Bach"},"content":{"rendered":"\t\t<div data-elementor-type=\"wp-page\" data-elementor-id=\"462\" class=\"elementor elementor-462 elementor-439\" data-elementor-post-type=\"page\">\n\t\t\t\t<div class=\"elementor-element elementor-element-1ff5c515 e-con-full e-flex e-con e-parent\" data-id=\"1ff5c515\" data-element_type=\"container\" data-e-type=\"container\" data-settings=\"{&quot;background_background&quot;:&quot;classic&quot;}\">\n\t\t\t\t<div class=\"elementor-element elementor-element-11bd6d9a elementor-widget elementor-widget-heading\" data-id=\"11bd6d9a\" data-element_type=\"widget\" data-e-type=\"widget\" data-widget_type=\"heading.default\">\n\t\t\t\t<div class=\"elementor-widget-container\">\n\t\t\t\t\t<h1 class=\"elementor-heading-title elementor-size-default\">C\u00f3mo tomar las Flores de Bach<\/h1>\t\t\t\t<\/div>\n\t\t\t\t<\/div>\n\t\t\t\t<\/div>\n\t\t<div class=\"elementor-element elementor-element-f2dec6c e-flex e-con-boxed e-con e-parent\" data-id=\"f2dec6c\" data-element_type=\"container\" data-e-type=\"container\">\n\t\t\t\t\t<div class=\"e-con-inner\">\n\t\t<div class=\"elementor-element elementor-element-5df9770 e-flex e-con-boxed e-con e-child\" data-id=\"5df9770\" data-element_type=\"container\" data-e-type=\"container\">\n\t\t\t\t\t<div class=\"e-con-inner\">\n\t\t<div class=\"elementor-element elementor-element-fa151d9 e-con-full e-flex e-con e-child\" data-id=\"fa151d9\" data-element_type=\"container\" data-e-type=\"container\">\n\t\t\t\t<div class=\"elementor-element elementor-element-fbfd042 elementor-widget elementor-widget-heading\" data-id=\"fbfd042\" data-element_type=\"widget\" data-e-type=\"widget\" data-widget_type=\"heading.default\">\n\t\t\t\t<div class=\"elementor-widget-container\">\n\t\t\t\t\t<h2 class=\"elementor-heading-title elementor-size-default\">C\u00f3mo utilizarlos<\/h2>\t\t\t\t<\/div>\n\t\t\t\t<\/div>\n\t\t\t\t<div class=\"elementor-element elementor-element-331de84 elementor-widget elementor-widget-text-editor\" data-id=\"331de84\" data-element_type=\"widget\" data-e-type=\"widget\" data-widget_type=\"text-editor.default\">\n\t\t\t\t<div class=\"elementor-widget-container\">\n\t\t\t\t\t\t\t\t\t<p class=\"font_7 wixui-rich-text__text\"><span class=\"wixui-rich-text__text\">Las flores de Bach se pueden encontrar en farmacias y tiendas ecol\u00f3gicas en frascos cuentagotas de 20 ml. Se toman por v\u00eda oral aproximadamente 4 veces al d\u00eda.<\/span> <\/p><ul class=\"font_7 wixui-rich-text__text\"><li class=\"wixui-rich-text__text\"><p class=\"font_7 wixui-rich-text__text\"><span class=\"wixui-rich-text__text\"><span class=\"color_20 wixui-rich-text__text\">Para las flores: dos gotas en medio vaso de agua mineral o dos gotas directamente en la boca, bajo la lengua.<\/span><\/span><\/p><\/li><li class=\"wixui-rich-text__text\"><p class=\"font_7 wixui-rich-text__text\"><span class=\"wixui-rich-text__text\">Si se trata de una mezcla, puedes llegar hasta 7 flores: Mezclando dos gotas de cada Flor de Bach Remedio\u00ae Original en una botella de 30 ml con agua mineral. A continuaci\u00f3n, tomar 4 gotas de la mezcla directamente en la boca.<\/span><\/p><\/li><li class=\"wixui-rich-text__text\"><p class=\"font_7 wixui-rich-text__text\"><span class=\"wixui-rich-text__text\">Para quienes no soportan el olor a alcohol, Rescue Remedy\u00ae est\u00e1 disponible sin alcohol, por lo que es apto para ni\u00f1os y mujeres embarazadas.<\/span><\/p><\/li><li class=\"wixui-rich-text__text\"><p class=\"font_7 wixui-rich-text__text\"><span class=\"wixui-rich-text__text\">Para los ni\u00f1os, se pueden diluir las gotas en un vaso de agua, mezclarlas con alimentos o ponerlas en las s\u00e1banas (para los trastornos del sue\u00f1o o la inquietud).<\/span><\/p><\/li><li class=\"wixui-rich-text__text\"><p class=\"font_7 wixui-rich-text__text\"><span class=\"wixui-rich-text__text\">Si tus emociones son m\u00e1s persistentes, es aconsejable utilizar flores de Bach durante 3 semanas. Para las emociones m\u00e1s ocasionales, est\u00e1 previsto un servicio a la carta.<\/span><\/p><\/li><li class=\"wixui-rich-text__text\"><p class=\"font_7 wixui-rich-text__text\"><span class=\"wixui-rich-text__text\">Las flores de Bach\u00ae pueden tomarse al mismo tiempo que otros medicamentos, incluidos los homeop\u00e1ticos.<\/span><\/p><\/li><li class=\"wixui-rich-text__text\"><p class=\"font_7 wixui-rich-text__text\"><span class=\"wixui-rich-text__text\">Para Rescue Remedy, las instrucciones de uso con el frasco cuentagotas son 4 gotas en un vaso de agua o directamente bajo la lengua. Si es necesario, la dosis puede repetirse hasta 4 veces al d\u00eda. Si utiliza el spray, pulverice 2 veces directamente debajo de la lengua.<\/span><\/p><\/li><\/ul>\t\t\t\t\t\t\t\t<\/div>\n\t\t\t\t<\/div>\n\t\t\t\t<\/div>\n\t\t<div class=\"elementor-element elementor-element-e8bab1f e-flex e-con-boxed e-con e-child\" data-id=\"e8bab1f\" data-element_type=\"container\" data-e-type=\"container\">\n\t\t\t\t\t<div class=\"e-con-inner\">\n\t\t\t\t<div class=\"elementor-element elementor-element-5169e53 elementor-widget elementor-widget-image\" data-id=\"5169e53\" data-element_type=\"widget\" data-e-type=\"widget\" data-widget_type=\"image.default\">\n\t\t\t\t<div class=\"elementor-widget-container\">\n\t\t\t\t\t\t\t\t\t\t\t\t\t\t\t<img fetchpriority=\"high\" decoding=\"async\" width=\"276\" height=\"183\" src=\"https:\/\/espaceambar.com\/wp-content\/uploads\/2023\/06\/index.jpg\" class=\"attachment-full size-full wp-image-448\" alt=\"\" \/>\t\t\t\t\t\t\t\t\t\t\t\t\t\t\t<\/div>\n\t\t\t\t<\/div>\n\t\t\t\t\t<\/div>\n\t\t\t\t<\/div>\n\t\t\t\t\t<\/div>\n\t\t\t\t<\/div>\n\t\t\t\t\t<\/div>\n\t\t\t\t<\/div>\n\t\t<div class=\"elementor-element elementor-element-9f70888 e-flex e-con-boxed e-con e-parent\" data-id=\"9f70888\" data-element_type=\"container\" data-e-type=\"container\">\n\t\t\t\t\t<div class=\"e-con-inner\">\n\t\t\t\t<div class=\"elementor-element elementor-element-3fa34b1 elementor-widget elementor-widget-heading\" data-id=\"3fa34b1\" data-element_type=\"widget\" data-e-type=\"widget\" data-widget_type=\"heading.default\">\n\t\t\t\t<div class=\"elementor-widget-container\">\n\t\t\t\t\t<p class=\"elementor-heading-title elementor-size-default\">Si desea obtener m\u00e1s informaci\u00f3n, concierte una cita rellenando el siguiente formulario.<\/p>\t\t\t\t<\/div>\n\t\t\t\t<\/div>\n\t\t\t\t<div class=\"elementor-element elementor-element-e92f95f elementor-align-center elementor-widget elementor-widget-button\" data-id=\"e92f95f\" data-element_type=\"widget\" data-e-type=\"widget\" data-widget_type=\"button.default\">\n\t\t\t\t<div class=\"elementor-widget-container\">\n\t\t\t\t\t\t\t\t\t<div class=\"elementor-button-wrapper\">\n\t\t\t\t\t<a class=\"elementor-button elementor-button-link elementor-size-sm\" href=\"#\">\n\t\t\t\t\t\t<span class=\"elementor-button-content-wrapper\">\n\t\t\t\t\t\t\t\t\t<span class=\"elementor-button-text\">Concierte una cita<\/span>\n\t\t\t\t\t<\/span>\n\t\t\t\t\t<\/a>\n\t\t\t\t<\/div>\n\t\t\t\t\t\t\t\t<\/div>\n\t\t\t\t<\/div>\n\t\t\t\t\t<\/div>\n\t\t\t\t<\/div>\n\t\t\t\t<\/div>\n\t\t","protected":false},"excerpt":{"rendered":"<p>C\u00f3mo tomar las Flores de Bach C\u00f3mo utilizarlos Las flores de Bach se pueden encontrar en farmacias y tiendas ecol\u00f3gicas en frascos cuentagotas de 20 ml. Se toman por v\u00eda oral aproximadamente 4 veces al d\u00eda. Para las flores: dos gotas en medio vaso de agua mineral o dos gotas directamente en la boca, bajo [&hellip;]<\/p>\n","protected":false},"author":18,"featured_media":0,"parent":0,"menu_order":0,"comment_status":"closed","ping_status":"closed","template":"","meta":{"_seopress_robots_primary_cat":"","_seopress_titles_title":"","_seopress_titles_desc":"","_seopress_robots_index":"","_surecart_dashboard_logo_width":"180px","_surecart_dashboard_show_logo":true,"_surecart_dashboard_navigation_orders":true,"_surecart_dashboard_navigation_invoices":true,"_surecart_dashboard_navigation_subscriptions":true,"_surecart_dashboard_navigation_downloads":true,"_surecart_dashboard_navigation_billing":true,"_surecart_dashboard_navigation_account":true,"iawp_total_views":0,"footnotes":""},"class_list":["post-462","page","type-page","status-publish","hentry"],"_links":{"self":[{"href":"https:\/\/espaceambar.com\/es\/wp-json\/wp\/v2\/pages\/462","targetHints":{"allow":["GET"]}}],"collection":[{"href":"https:\/\/espaceambar.com\/es\/wp-json\/wp\/v2\/pages"}],"about":[{"href":"https:\/\/espaceambar.com\/es\/wp-json\/wp\/v2\/types\/page"}],"author":[{"embeddable":true,"href":"https:\/\/espaceambar.com\/es\/wp-json\/wp\/v2\/users\/18"}],"replies":[{"embeddable":true,"href":"https:\/\/espaceambar.com\/es\/wp-json\/wp\/v2\/comments?post=462"}],"version-history":[{"count":2,"href":"https:\/\/espaceambar.com\/es\/wp-json\/wp\/v2\/pages\/462\/revisions"}],"predecessor-version":[{"id":2244,"href":"https:\/\/espaceambar.com\/es\/wp-json\/wp\/v2\/pages\/462\/revisions\/2244"}],"wp:attachment":[{"href":"https:\/\/espaceambar.com\/es\/wp-json\/wp\/v2\/media?parent=462"}],"curies":[{"name":"wp","href":"https:\/\/api.w.org\/{rel}","templated":true}]}}