{"id":581,"date":"2023-06-29T16:00:03","date_gmt":"2023-06-29T14:00:03","guid":{"rendered":"https:\/\/espaceambar.com\/terapia-integral\/"},"modified":"2023-08-21T17:41:31","modified_gmt":"2023-08-21T15:41:31","slug":"terapia-integral","status":"publish","type":"page","link":"https:\/\/espaceambar.com\/es\/terapia-integral\/","title":{"rendered":"Terapia integral"},"content":{"rendered":"\t\t<div data-elementor-type=\"wp-page\" data-elementor-id=\"581\" class=\"elementor elementor-581 elementor-560\" data-elementor-post-type=\"page\">\n\t\t\t\t<div class=\"elementor-element elementor-element-f8e4d68 e-con-full e-flex e-con e-parent\" data-id=\"f8e4d68\" data-element_type=\"container\" data-e-type=\"container\" data-settings=\"{&quot;background_background&quot;:&quot;classic&quot;}\">\n\t\t\t\t<div class=\"elementor-element elementor-element-2b6e642 elementor-widget elementor-widget-heading\" data-id=\"2b6e642\" data-element_type=\"widget\" data-e-type=\"widget\" data-widget_type=\"heading.default\">\n\t\t\t\t<div class=\"elementor-widget-container\">\n\t\t\t\t\t<h1 class=\"elementor-heading-title elementor-size-default\">terapia integral<\/h1>\t\t\t\t<\/div>\n\t\t\t\t<\/div>\n\t\t\t\t<\/div>\n\t\t<div class=\"elementor-element elementor-element-ac997ed e-flex e-con-boxed e-con e-parent\" data-id=\"ac997ed\" data-element_type=\"container\" data-e-type=\"container\">\n\t\t\t\t\t<div class=\"e-con-inner\">\n\t\t<div class=\"elementor-element elementor-element-11f1a45 e-flex e-con-boxed e-con e-child\" data-id=\"11f1a45\" data-element_type=\"container\" data-e-type=\"container\">\n\t\t\t\t\t<div class=\"e-con-inner\">\n\t\t\t\t<div class=\"elementor-element elementor-element-c34ff8c elementor-widget elementor-widget-heading\" data-id=\"c34ff8c\" data-element_type=\"widget\" data-e-type=\"widget\" data-widget_type=\"heading.default\">\n\t\t\t\t<div class=\"elementor-widget-container\">\n\t\t\t\t\t<h3 class=\"elementor-heading-title elementor-size-default\">\"Tu cuerpo tiene un mensaje para ti. Primero susurra, luego habla, despu\u00e9s grita, finalmente cae exhausto\".\n<br>C. G. Jung<\/h3>\t\t\t\t<\/div>\n\t\t\t\t<\/div>\n\t\t\t\t\t<\/div>\n\t\t\t\t<\/div>\n\t\t\t\t\t<\/div>\n\t\t\t\t<\/div>\n\t\t<div class=\"elementor-element elementor-element-81b3d9c e-flex e-con-boxed e-con e-parent\" data-id=\"81b3d9c\" data-element_type=\"container\" data-e-type=\"container\">\n\t\t\t\t\t<div class=\"e-con-inner\">\n\t\t<div class=\"elementor-element elementor-element-15b2fe8 e-con-full e-flex e-con e-child\" data-id=\"15b2fe8\" data-element_type=\"container\" data-e-type=\"container\">\n\t\t\t\t<div class=\"elementor-element elementor-element-f08136c elementor-widget elementor-widget-heading\" data-id=\"f08136c\" data-element_type=\"widget\" data-e-type=\"widget\" data-widget_type=\"heading.default\">\n\t\t\t\t<div class=\"elementor-widget-container\">\n\t\t\t\t\t<h2 class=\"elementor-heading-title elementor-size-default\">\u00bfQU\u00c9 ES?<\/h2>\t\t\t\t<\/div>\n\t\t\t\t<\/div>\n\t\t\t\t<div class=\"elementor-element elementor-element-0c2aaee elementor-widget elementor-widget-text-editor\" data-id=\"0c2aaee\" data-element_type=\"widget\" data-e-type=\"widget\" data-widget_type=\"text-editor.default\">\n\t\t\t\t<div class=\"elementor-widget-container\">\n\t\t\t\t\t\t\t\t\t<p>Es una forma hol\u00edstica de apoyo terap\u00e9utico, que integra una amplia variedad de herramientas hol\u00edsticas y psicoterap\u00e9uticas: flores de Bach, meditaci\u00f3n, Reiki, etc. bioenerg\u00e9tica.<\/p>\n<p>Es el resultado de mis a\u00f1os de aprendizaje y experiencia como terapeuta, en el que me ofrezco a ayudarte a encontrar la salida desde tu interior, a despertar las capacidades autocurativas presentes en todos nosotros.<\/p>\n<\/p>\n<p>La terapia integral es un proceso de terapia individual que dura +\/- 90 minutos por sesi\u00f3n.<\/p>\n\t\t\t\t\t\t\t\t<\/div>\n\t\t\t\t<\/div>\n\t\t\t\t<\/div>\n\t\t<div class=\"elementor-element elementor-element-b5cf92f e-con-full e-flex e-con e-child\" data-id=\"b5cf92f\" data-element_type=\"container\" data-e-type=\"container\">\n\t\t\t\t<div class=\"elementor-element elementor-element-382796b elementor-widget elementor-widget-heading\" data-id=\"382796b\" data-element_type=\"widget\" data-e-type=\"widget\" data-widget_type=\"heading.default\">\n\t\t\t\t<div class=\"elementor-widget-container\">\n\t\t\t\t\t<h2 class=\"elementor-heading-title elementor-size-default\">\u00bfA QUI\u00c9N SE LO RECOMENDAR\u00cdA?<\/h2>\t\t\t\t<\/div>\n\t\t\t\t<\/div>\n\t\t\t\t<div class=\"elementor-element elementor-element-f2811d3 elementor-widget elementor-widget-text-editor\" data-id=\"f2811d3\" data-element_type=\"widget\" data-e-type=\"widget\" data-widget_type=\"text-editor.default\">\n\t\t\t\t<div class=\"elementor-widget-container\">\n\t\t\t\t\t\t\t\t\t<p><span class=\"wixui-rich-text__text\">Para cualquier persona que desee iniciar un proceso de transformaci\u00f3n, integrar su mente, cuerpo y alma y sanar sus heridas emocionales.<\/span><\/p>\n\t\t\t\t\t\t\t\t<\/div>\n\t\t\t\t<\/div>\n\t\t\t\t<div class=\"elementor-element elementor-element-5037160 elementor-widget elementor-widget-heading\" data-id=\"5037160\" data-element_type=\"widget\" data-e-type=\"widget\" data-widget_type=\"heading.default\">\n\t\t\t\t<div class=\"elementor-widget-container\">\n\t\t\t\t\t<h2 class=\"elementor-heading-title elementor-size-default\">BENEFICIOS<\/h2>\t\t\t\t<\/div>\n\t\t\t\t<\/div>\n\t\t\t\t<div class=\"elementor-element elementor-element-f482b74 elementor-widget elementor-widget-text-editor\" data-id=\"f482b74\" data-element_type=\"widget\" data-e-type=\"widget\" data-widget_type=\"text-editor.default\">\n\t\t\t\t<div class=\"elementor-widget-container\">\n\t\t\t\t\t\t\t\t\t<p>&#8211; Transformar\u00e1s las situaciones de tristeza y frustraci\u00f3n de tu vida para recuperar la confianza en ti mismo y en la vida.<\/p>\n<p>&#8211; Dejar\u00e1s atr\u00e1s los bloqueos y creencias que te limitan<\/p>\n<p>&#8211; Integrar\u00e1s tus emociones no expresadas a trav\u00e9s de la terapia y crear\u00e1s un v\u00ednculo cuerpo-alma-esp\u00edritu que te ayudar\u00e1 a sanar tu vida por completo.<\/p>\n<p>&#8211; Aprender\u00e1s a decir no a personas, situaciones y patrones t\u00f3xicos<\/p>\n<p>&#8211; Expresar\u00e1s tus sentimientos con claridad, honestidad y autonom\u00eda, en sinton\u00eda contigo mismo y con el momento en que te encuentras.<\/p>\n\t\t\t\t\t\t\t\t<\/div>\n\t\t\t\t<\/div>\n\t\t\t\t<\/div>\n\t\t\t\t\t<\/div>\n\t\t\t\t<\/div>\n\t\t<div class=\"elementor-element elementor-element-c1c2f6d e-flex e-con-boxed e-con e-parent\" data-id=\"c1c2f6d\" data-element_type=\"container\" data-e-type=\"container\">\n\t\t\t\t\t<div class=\"e-con-inner\">\n\t\t<div class=\"elementor-element elementor-element-33d1710 e-flex e-con-boxed e-con e-child\" data-id=\"33d1710\" data-element_type=\"container\" data-e-type=\"container\">\n\t\t\t\t\t<div class=\"e-con-inner\">\n\t\t\t\t<div class=\"elementor-element elementor-element-de45385 elementor-align-center elementor-widget elementor-widget-button\" data-id=\"de45385\" data-element_type=\"widget\" data-e-type=\"widget\" data-widget_type=\"button.default\">\n\t\t\t\t<div class=\"elementor-widget-container\">\n\t\t\t\t\t\t\t\t\t<div class=\"elementor-button-wrapper\">\n\t\t\t\t\t<a class=\"elementor-button elementor-button-link elementor-size-sm\" href=\"https:\/\/espaceambar.com\/es\/solicito-una-cita\/\">\n\t\t\t\t\t\t<span class=\"elementor-button-content-wrapper\">\n\t\t\t\t\t\t\t\t\t<span class=\"elementor-button-text\">Concierte una cita<\/span>\n\t\t\t\t\t<\/span>\n\t\t\t\t\t<\/a>\n\t\t\t\t<\/div>\n\t\t\t\t\t\t\t\t<\/div>\n\t\t\t\t<\/div>\n\t\t\t\t\t<\/div>\n\t\t\t\t<\/div>\n\t\t\t\t\t<\/div>\n\t\t\t\t<\/div>\n\t\t<div class=\"elementor-element elementor-element-28b9980 e-flex e-con-boxed e-con e-parent\" data-id=\"28b9980\" data-element_type=\"container\" data-e-type=\"container\">\n\t\t\t\t\t<div class=\"e-con-inner\">\n\t\t<div class=\"elementor-element elementor-element-fd97641 e-flex e-con-boxed e-con e-child\" data-id=\"fd97641\" data-element_type=\"container\" data-e-type=\"container\" data-settings=\"{&quot;background_background&quot;:&quot;classic&quot;}\">\n\t\t\t\t\t<div class=\"e-con-inner\">\n\t\t\t\t<div class=\"elementor-element elementor-element-7533779 elementor-widget elementor-widget-text-editor\" data-id=\"7533779\" data-element_type=\"widget\" data-e-type=\"widget\" data-widget_type=\"text-editor.default\">\n\t\t\t\t<div class=\"elementor-widget-container\">\n\t\t\t\t\t\t\t\t\t<div class=\"\" data-mesh-id=\"comp-k4pyrwyfinlineContent\" data-testid=\"inline-content\">\n<div data-mesh-id=\"comp-k4pyrwyfinlineContent-gridContainer\" data-testid=\"mesh-container-content\">\n<div id=\"comp-k4pyrwyr\" class=\"KcpHeO tz5f0K comp-k4pyrwyr wixui-rich-text\" data-testid=\"richTextElement\">\n<h2 class=\"font_2 wixui-rich-text__text\" style=\"text-align: center;\"><span class=\"wixui-rich-text__text\">Terapia integral<\/span><\/h2>\n<\/div>\n<div id=\"comp-k4pyrx1q\" class=\"KcpHeO tz5f0K comp-k4pyrx1q wixui-rich-text\" data-testid=\"richTextElement\">\n<p class=\"font_8 wixui-rich-text__text\"><span class=\"wixui-rich-text__text\"><span class=\"color_20 wixui-rich-text__text\">Empieza a sentirte m\u00e1s vivo, m\u00e1s vibrante y m\u00e1s aut\u00e9ntico.<br class=\"wixui-rich-text__text\"><br class=\"wixui-rich-text__text\">La escucha activa de tu cuerpo, la exploraci\u00f3n de tus emociones y la escucha profunda de tu intuici\u00f3n ser\u00e1n el punto de partida para entrar en contacto con tus propios recursos e integrarlos en tu vida.<br class=\"wixui-rich-text__text\"><br class=\"wixui-rich-text__text\">Con este apoyo, puede empezar a :<\/span><\/span><span class=\"wixui-rich-text__text\"><span class=\"color_20 wixui-rich-text__text\"><span class=\"wixGuard wixui-rich-text__text\"><\/span><\/span><\/span><\/p>\n<ul class=\"font_7 color_20 wixui-rich-text__text\">\n<li class=\"wixui-rich-text__text\">\n<p class=\"font_7 wixui-rich-text__text\"><span class=\"wixui-rich-text__text\"><span class=\"color_20 wixui-rich-text__text\">Ponte en contacto con tu intuici\u00f3n y esc\u00fachate.<\/span><\/span><\/p>\n<\/li>\n<li class=\"wixui-rich-text__text\">\n<p class=\"font_7 wixui-rich-text__text\"><span class=\"wixui-rich-text__text\"><span class=\"color_20 wixui-rich-text__text\">Aprender a decir NO.<\/span><\/span><\/p>\n<\/li>\n<li class=\"wixui-rich-text__text\">\n<p class=\"font_7 wixui-rich-text__text\"><span class=\"wixui-rich-text__text\"><span class=\"color_20 wixui-rich-text__text\">Explora tus emociones e integra las &#8220;dif\u00edciles&#8221; como parte del proceso de curaci\u00f3n.<\/span><\/span><\/p>\n<\/li>\n<\/ul>\n<\/div>\n<\/div>\n<\/div>\n\t\t\t\t\t\t\t\t<\/div>\n\t\t\t\t<\/div>\n\t\t\t\t\t<\/div>\n\t\t\t\t<\/div>\n\t\t\t\t\t<\/div>\n\t\t\t\t<\/div>\n\t\t\t\t<\/div>\n\t\t","protected":false},"excerpt":{"rendered":"<p>terapia integral &#8220;Tu cuerpo tiene un mensaje para ti. Primero susurra, luego habla, despu\u00e9s grita, finalmente cae exhausto&#8221;. C. G. Jung \u00bfQU\u00c9 ES? Es una forma hol\u00edstica de apoyo terap\u00e9utico, que integra una amplia variedad de herramientas hol\u00edsticas y psicoterap\u00e9uticas: flores de Bach, meditaci\u00f3n, Reiki, etc. bioenerg\u00e9tica. Es el resultado de mis a\u00f1os de aprendizaje [&hellip;]<\/p>\n","protected":false},"author":18,"featured_media":861,"parent":0,"menu_order":0,"comment_status":"closed","ping_status":"closed","template":"elementor_header_footer","meta":{"_seopress_robots_primary_cat":"","_seopress_titles_title":"","_seopress_titles_desc":"","_seopress_robots_index":"","_surecart_dashboard_logo_width":"180px","_surecart_dashboard_show_logo":true,"_surecart_dashboard_navigation_orders":true,"_surecart_dashboard_navigation_invoices":true,"_surecart_dashboard_navigation_subscriptions":true,"_surecart_dashboard_navigation_downloads":true,"_surecart_dashboard_navigation_billing":true,"_surecart_dashboard_navigation_account":true,"iawp_total_views":1,"footnotes":""},"class_list":["post-581","page","type-page","status-publish","has-post-thumbnail","hentry"],"_links":{"self":[{"href":"https:\/\/espaceambar.com\/es\/wp-json\/wp\/v2\/pages\/581","targetHints":{"allow":["GET"]}}],"collection":[{"href":"https:\/\/espaceambar.com\/es\/wp-json\/wp\/v2\/pages"}],"about":[{"href":"https:\/\/espaceambar.com\/es\/wp-json\/wp\/v2\/types\/page"}],"author":[{"embeddable":true,"href":"https:\/\/espaceambar.com\/es\/wp-json\/wp\/v2\/users\/18"}],"replies":[{"embeddable":true,"href":"https:\/\/espaceambar.com\/es\/wp-json\/wp\/v2\/comments?post=581"}],"version-history":[{"count":0,"href":"https:\/\/espaceambar.com\/es\/wp-json\/wp\/v2\/pages\/581\/revisions"}],"wp:featuredmedia":[{"embeddable":true,"href":"https:\/\/espaceambar.com\/es\/wp-json\/wp\/v2\/media\/861"}],"wp:attachment":[{"href":"https:\/\/espaceambar.com\/es\/wp-json\/wp\/v2\/media?parent=581"}],"curies":[{"name":"wp","href":"https:\/\/api.w.org\/{rel}","templated":true}]}}